{"id":10,"date":"2024-12-10T18:57:33","date_gmt":"2024-12-10T17:57:33","guid":{"rendered":"https:\/\/integrabari.it\/?page_id=10"},"modified":"2024-12-30T12:45:05","modified_gmt":"2024-12-30T11:45:05","slug":"chi-siamo","status":"publish","type":"page","link":"https:\/\/integrabari.it\/index.php\/chi-siamo\/","title":{"rendered":"Chi siamo"},"content":{"rendered":"\n<div class=\"container\">\n<div class=\"row\">\n<div class=\"col-lg-12 col-md-12 col-sm-12\">\n<article class=\"post post-118 page type-page status-publish hentry\">\n<div class=\"post-content\">\n<div class=\"entry-content\">\n<section class=\"about-section\">\n<div class=\"container\">\n<div class=\"row\">\n<div class=\"col-lg-6 col-md-12 col-sm-12\">\n<figure class=\"about-thumbnail\">\t\n<img decoding=\"async\" src=\"https:\/\/integrabari.it\/wp-content\/uploads\/2024\/12\/ChiSiamo2-scaled.jpg\" alt=\"About\" class=\"img-fluid\">\n<\/figure>\n<figure class=\"about-thumbnail\">\t\n<img decoding=\"async\" src=\"https:\/\/integrabari.it\/wp-content\/uploads\/2024\/12\/ChiSiamo1-scaled.jpg\" alt=\"About\" class=\"img-fluid\">\n<\/figure>\n<\/div>\n<div class=\"col-lg-6 col-md-12 col-sm-12\">\n<div class=\"about-block\">\n<div class=\"section-header\">\n<p class=\"section-subtitle\">Chi Siamo<\/p>\n<h2 class=\"about-section-title\">I servizi ideali per la tua azienda!<\/h2>\n<\/div>\n\n<div class=\"entry-content\">\n<p>La <b>Integra srl<\/b> \u00e8 una societ\u00e0 di servizi sita in Bari alla Carlo Massa 4\/L costituita il 22\/06\/2021 e composta attualmente da 50 dipendenti che si occupano dei diversi servizi da noi offerti.<\/p>\n\nLe principali attivit\u00e0 consistono in:\n<br>\n<ul class=\"ps-block-list\">\n<li>Prestazioni di manovalanza e facchinaggio<\/li>\n<li>Logistica e gestione magazzini<\/li>\n<li>Pulizie ordinarie e straordinarie di edifici civili ed industriali, uffici di Enti pubblici e privati<\/li>\n<li>Progettazione, posa in opera e manutenzione di aree verdi, con relativa fornitura di esemplari\nvegetali<\/li>\n<li>Servizio di portierato e ausiliariato<\/li>\n<\/ul>\n<div class=\"about-area\">\n<div class=\"media\">\n<div class=\"about-icon\">\n<i class=\"fa fa-clipboard\"><\/i>\n<\/div>\n\n<div class=\"media-body\">\n<h4 class=\"title\"><a href=\"#\">Conformit\u00e0 prodotti<\/a><\/h4>\n<p>Per l&#8217;espletamento a regola d&#8217;arte delle suddette attivit\u00e0, la Integra srl \u00e8 in possesso di tutta l&#8217;attrezzatura necessaria e di macchinari industriali; utilizza prodotti per pulizia atossici e conformi alle prescrizioni del Ministero della Sanit\u00e0, che riducono i rischi di inquinamento e non alterano le superfici trattate; adottiamo moderne strategie di intervento, sempre nel rispetto dell&#8217;ambiente e della salute dell&#8217;uomo.<\/p>\n<\/div>\n<\/div>\n<\/div>\n<div class=\"about-area\">\n<div class=\"media\">\n<div class=\"about-icon\">\n<i class=\"fa fa-cog\"><\/i>\n<\/div>\n<div class=\"media-body\">\n<h4 class=\"title\"><a href=\"#\">Personale Qualificato<\/a><\/h4>\n<p>Per il servizio di logistica di magazzino, abbiamo la possibilit\u00e0 di gestire il magazzino con nostre unit\u00e0 qualificate e abbiamo la possibilit\u00e0 di fornire carrelli elevatori di ogni tipo (marca Linde).<\/p>\n<\/div>\n<\/div>\n<\/div>\n<\/div>\n<\/div>\n<\/div>\n<\/div>    \n<\/div>\n<\/section>\t\n<\/div>\n<\/div>\n<\/article>\t\t\t\n<\/div>\n<\/div>\n<\/div>\n\n\n\n<p>Tutto l&#8217;organico della societ\u00e0 \u00e8 composto da personale qualificato, assicurato e retribuito secondo quanto previsto dal C.C.N.L., edotto sulle norme in materia di sicurezza sul lavoro. Ogni servizio \u00e8 coordinato da un responsabile che si occupa di tutta la gestione tecnica, sopralluoghi, ecc.<\/p>\n\n\n\n<p>La Integra srl, infine ha il piacere di servire alcune tra le pi\u00f9 prestigiose aziende, <strong>Bridgestone S.p.a.<\/strong> ( servizi di manovalanza e logistica ), <strong>Peroni S.R.L.<\/strong> (servizi di manovalanza, logistica, manutenzione del verde), <strong>LIDL Italia<\/strong> (servizi di manovalanza, logistica e gestione magazzino).<\/p>\n\n\n\n<p><\/p>\n","protected":false},"excerpt":{"rendered":"<p>Chi Siamo I servizi ideali per la tua azienda! La Integra srl \u00e8 una societ\u00e0 di servizi sita in Bari alla Carlo Massa 4\/L costituita il 22\/06\/2021 e composta attualmente da 50 dipendenti che si occupano dei diversi servizi da noi offerti. Le principali attivit\u00e0 consistono in: Prestazioni di manovalanza e facchinaggio Logistica e gestione [&hellip;]<\/p>\n","protected":false},"author":1,"featured_media":0,"parent":0,"menu_order":0,"comment_status":"closed","ping_status":"closed","template":"","meta":{"footnotes":""},"class_list":["post-10","page","type-page","status-publish","hentry"],"_links":{"self":[{"href":"https:\/\/integrabari.it\/index.php\/wp-json\/wp\/v2\/pages\/10","targetHints":{"allow":["GET"]}}],"collection":[{"href":"https:\/\/integrabari.it\/index.php\/wp-json\/wp\/v2\/pages"}],"about":[{"href":"https:\/\/integrabari.it\/index.php\/wp-json\/wp\/v2\/types\/page"}],"author":[{"embeddable":true,"href":"https:\/\/integrabari.it\/index.php\/wp-json\/wp\/v2\/users\/1"}],"replies":[{"embeddable":true,"href":"https:\/\/integrabari.it\/index.php\/wp-json\/wp\/v2\/comments?post=10"}],"version-history":[{"count":4,"href":"https:\/\/integrabari.it\/index.php\/wp-json\/wp\/v2\/pages\/10\/revisions"}],"predecessor-version":[{"id":74,"href":"https:\/\/integrabari.it\/index.php\/wp-json\/wp\/v2\/pages\/10\/revisions\/74"}],"wp:attachment":[{"href":"https:\/\/integrabari.it\/index.php\/wp-json\/wp\/v2\/media?parent=10"}],"curies":[{"name":"wp","href":"https:\/\/api.w.org\/{rel}","templated":true}]}}